{"id":9,"date":"2015-04-03T22:54:06","date_gmt":"2015-04-03T20:54:06","guid":{"rendered":"http:\/\/kinderhaus.pfarrei-badkoetzting.de\/wordpress\/?page_id=9"},"modified":"2024-08-02T21:57:36","modified_gmt":"2024-08-02T19:57:36","slug":"willkommen-im-kinderhaus-bad-koetzting","status":"publish","type":"page","link":"https:\/\/kinderhaus.pfarrei-badkoetzting.de\/","title":{"rendered":""},"content":{"rendered":"<div class=\"module-infobox module\">\n<div class=\"inner-wrap\">\n<h3 style=\"text-align: center;\">&nbsp;<\/h3>\n<\/div>\n<\/div>\n<h3>&nbsp;<\/h3>\n\n\n<div class=\"wp-block-columns is-layout-flex wp-container-6\">\n<div class=\"wp-block-column is-layout-flow\" style=\"flex-basis:100%\">\n<p><\/p>\n\n\n\n<div class=\"wp-block-group alignwide is-layout-flow\"><div class=\"wp-block-group__inner-container\">\n<div class=\"wp-block-media-text alignwide is-stacked-on-mobile\" style=\"grid-template-columns:48% auto\"><figure class=\"wp-block-media-text__media\"><img decoding=\"async\" loading=\"lazy\" width=\"1024\" height=\"768\" src=\"https:\/\/kinderhaus.pfarrei-badkoetzting.de\/wordpress\/wp-content\/uploads\/2024\/08\/WhatsApp-Image-2024-07-31-at-14.35.45-1-1024x768.jpeg\" alt=\"\" class=\"wp-image-3474 size-full\" srcset=\"https:\/\/kinderhaus.pfarrei-badkoetzting.de\/wordpress\/wp-content\/uploads\/2024\/08\/WhatsApp-Image-2024-07-31-at-14.35.45-1-1024x768.jpeg 1024w, https:\/\/kinderhaus.pfarrei-badkoetzting.de\/wordpress\/wp-content\/uploads\/2024\/08\/WhatsApp-Image-2024-07-31-at-14.35.45-1-300x225.jpeg 300w, https:\/\/kinderhaus.pfarrei-badkoetzting.de\/wordpress\/wp-content\/uploads\/2024\/08\/WhatsApp-Image-2024-07-31-at-14.35.45-1-768x576.jpeg 768w, https:\/\/kinderhaus.pfarrei-badkoetzting.de\/wordpress\/wp-content\/uploads\/2024\/08\/WhatsApp-Image-2024-07-31-at-14.35.45-1-1536x1152.jpeg 1536w, https:\/\/kinderhaus.pfarrei-badkoetzting.de\/wordpress\/wp-content\/uploads\/2024\/08\/WhatsApp-Image-2024-07-31-at-14.35.45-1.jpeg 1709w\" sizes=\"(max-width: 1024px) 100vw, 1024px\" \/><\/figure><div class=\"wp-block-media-text__content\">\n<p><strong>W<\/strong>ir w\u00fcnschen euch allen sch\u00f6ne und erholsame Ferien<strong>.<\/strong><\/p>\n\n\n\n<p>Ab dem 26.08.2024 sind wir wieder da.<strong>         <\/strong><\/p>\n<\/div><\/div>\n\n\n\n<div class=\"wp-block-media-text alignwide has-media-on-the-right is-stacked-on-mobile has-off-white-background-color has-background\" style=\"grid-template-columns:auto 53%\"><div class=\"wp-block-media-text__content\">\n<h5 class=\"wp-block-heading\" id=\"wir-sind-fur-euch-da\">Wir sind f\u00fcr euch da<\/h5>\n\n\n\n<p>B\u00fcrozeiten<\/p>\n\n\n\n<p>Tel: <strong>09941\/ 904408<\/strong> von 8.00-12.00 Uhr <strong>Haus K\u00f6nigin der Engel<\/strong><\/p>\n\n\n\n<p>Tel: <strong>09941\/905372<\/strong>&nbsp;                            Di.\/Mi.\/ Do.      von 8.00-12-00 Uhr&nbsp;    <strong>Haus hl. Geist <\/strong>    <\/p>\n\n\n\n<div class=\"wp-block-buttons is-layout-flex\"><\/div>\n<\/div><figure class=\"wp-block-media-text__media\"><img decoding=\"async\" loading=\"lazy\" width=\"828\" height=\"800\" src=\"https:\/\/kinderhaus.pfarrei-badkoetzting.de\/wordpress\/wp-content\/uploads\/2024\/07\/Bildschirmfoto-2024-04-11-um-18.46.09.png\" alt=\"\" class=\"wp-image-3466 size-full\" srcset=\"https:\/\/kinderhaus.pfarrei-badkoetzting.de\/wordpress\/wp-content\/uploads\/2024\/07\/Bildschirmfoto-2024-04-11-um-18.46.09.png 828w, https:\/\/kinderhaus.pfarrei-badkoetzting.de\/wordpress\/wp-content\/uploads\/2024\/07\/Bildschirmfoto-2024-04-11-um-18.46.09-300x290.png 300w, https:\/\/kinderhaus.pfarrei-badkoetzting.de\/wordpress\/wp-content\/uploads\/2024\/07\/Bildschirmfoto-2024-04-11-um-18.46.09-768x742.png 768w\" sizes=\"(max-width: 828px) 100vw, 828px\" \/><\/figure><\/div>\n\n\n\n<div class=\"wp-block-group is-nowrap is-layout-flex wp-container-2\"><\/div>\n\n\n\n<h3 class=\"wp-block-heading\"><\/h3>\n\n\n\n<div class=\"wp-block-group alignwide is-layout-flow\"><div class=\"wp-block-group__inner-container\"><\/div><\/div>\n<\/div><\/div>\n<\/div>\n<\/div>\n\n\n<p><img decoding=\"async\" loading=\"lazy\" class=\"aligncenter size-full wp-image-3470\" src=\"https:\/\/kinderhaus.pfarrei-badkoetzting.de\/wordpress\/wp-content\/uploads\/2024\/07\/WhatsApp-Image-2024-07-25-at-15.02.18.jpeg\" alt=\"\" width=\"1200\" height=\"1600\" srcset=\"https:\/\/kinderhaus.pfarrei-badkoetzting.de\/wordpress\/wp-content\/uploads\/2024\/07\/WhatsApp-Image-2024-07-25-at-15.02.18.jpeg 1200w, https:\/\/kinderhaus.pfarrei-badkoetzting.de\/wordpress\/wp-content\/uploads\/2024\/07\/WhatsApp-Image-2024-07-25-at-15.02.18-225x300.jpeg 225w, https:\/\/kinderhaus.pfarrei-badkoetzting.de\/wordpress\/wp-content\/uploads\/2024\/07\/WhatsApp-Image-2024-07-25-at-15.02.18-768x1024.jpeg 768w, https:\/\/kinderhaus.pfarrei-badkoetzting.de\/wordpress\/wp-content\/uploads\/2024\/07\/WhatsApp-Image-2024-07-25-at-15.02.18-1152x1536.jpeg 1152w\" sizes=\"(max-width: 1200px) 100vw, 1200px\" \/><\/p>\n\n\n<p><\/p>\n\n\n\n<div class=\"wp-block-group is-layout-flow\"><div class=\"wp-block-group__inner-container\"><\/div><\/div>\n\n\n\n<p><\/p>\n\n\n\n<pre class=\"wp-block-verse\"><\/pre>\n\n\n\n<p><\/p>\n\n\n\n<p><\/p>\n\n\n\n<p><\/p>\n","protected":false},"excerpt":{"rendered":"<p>&nbsp; &nbsp; Wir w\u00fcnschen euch allen sch\u00f6ne und erholsame Ferien. Ab dem 26.08.2024 sind wir wieder da. Wir sind f\u00fcr euch da B\u00fcrozeiten Tel: 09941\/ 904408 von 8.00-12.00 Uhr Haus K\u00f6nigin der Engel Tel: 09941\/905372&nbsp; Di.\/Mi.\/ Do. von 8.00-12-00 Uhr&nbsp; Haus hl. Geist<\/p>\n","protected":false},"author":5,"featured_media":0,"parent":0,"menu_order":1,"comment_status":"closed","ping_status":"closed","template":"","meta":[],"_links":{"self":[{"href":"https:\/\/kinderhaus.pfarrei-badkoetzting.de\/index.php?rest_route=\/wp\/v2\/pages\/9"}],"collection":[{"href":"https:\/\/kinderhaus.pfarrei-badkoetzting.de\/index.php?rest_route=\/wp\/v2\/pages"}],"about":[{"href":"https:\/\/kinderhaus.pfarrei-badkoetzting.de\/index.php?rest_route=\/wp\/v2\/types\/page"}],"author":[{"embeddable":true,"href":"https:\/\/kinderhaus.pfarrei-badkoetzting.de\/index.php?rest_route=\/wp\/v2\/users\/5"}],"replies":[{"embeddable":true,"href":"https:\/\/kinderhaus.pfarrei-badkoetzting.de\/index.php?rest_route=%2Fwp%2Fv2%2Fcomments&post=9"}],"version-history":[{"count":504,"href":"https:\/\/kinderhaus.pfarrei-badkoetzting.de\/index.php?rest_route=\/wp\/v2\/pages\/9\/revisions"}],"predecessor-version":[{"id":3477,"href":"https:\/\/kinderhaus.pfarrei-badkoetzting.de\/index.php?rest_route=\/wp\/v2\/pages\/9\/revisions\/3477"}],"wp:attachment":[{"href":"https:\/\/kinderhaus.pfarrei-badkoetzting.de\/index.php?rest_route=%2Fwp%2Fv2%2Fmedia&parent=9"}],"curies":[{"name":"wp","href":"https:\/\/api.w.org\/{rel}","templated":true}]}}