{"id":760,"date":"2017-06-20T20:52:30","date_gmt":"2017-06-20T18:52:30","guid":{"rendered":"http:\/\/kinderhaus.pfarrei-badkoetzting.de\/?page_id=760"},"modified":"2023-12-17T20:24:56","modified_gmt":"2023-12-17T19:24:56","slug":"elternbeirat","status":"publish","type":"page","link":"https:\/\/kinderhaus.pfarrei-badkoetzting.de\/?page_id=760","title":{"rendered":"Elternbeirat"},"content":{"rendered":"\n<h2 class=\"wp-block-heading\">Elternbeirat 2023\/24<\/h2>\n\n\n<p>\u00a0<\/p>\n<p><img decoding=\"async\" loading=\"lazy\" class=\"aligncenter size-full wp-image-3228\" src=\"https:\/\/kinderhaus.pfarrei-badkoetzting.de\/wordpress\/wp-content\/uploads\/2023\/10\/P1020240.jpg\" alt=\"\" width=\"1536\" height=\"1152\" srcset=\"https:\/\/kinderhaus.pfarrei-badkoetzting.de\/wordpress\/wp-content\/uploads\/2023\/10\/P1020240.jpg 1536w, https:\/\/kinderhaus.pfarrei-badkoetzting.de\/wordpress\/wp-content\/uploads\/2023\/10\/P1020240-300x225.jpg 300w, https:\/\/kinderhaus.pfarrei-badkoetzting.de\/wordpress\/wp-content\/uploads\/2023\/10\/P1020240-1024x768.jpg 1024w, https:\/\/kinderhaus.pfarrei-badkoetzting.de\/wordpress\/wp-content\/uploads\/2023\/10\/P1020240-768x576.jpg 768w\" sizes=\"(max-width: 1536px) 100vw, 1536px\" \/><img decoding=\"async\" loading=\"lazy\" class=\"aligncenter size-full wp-image-3053\" src=\"https:\/\/kinderhaus.pfarrei-badkoetzting.de\/wordpress\/wp-content\/uploads\/2023\/03\/Bildschirm\u00adfoto-2023-03-30-um-19.09.56.png\" alt=\"\" width=\"1190\" height=\"254\" srcset=\"https:\/\/kinderhaus.pfarrei-badkoetzting.de\/wordpress\/wp-content\/uploads\/2023\/03\/Bildschirm\u00adfoto-2023-03-30-um-19.09.56.png 1190w, https:\/\/kinderhaus.pfarrei-badkoetzting.de\/wordpress\/wp-content\/uploads\/2023\/03\/Bildschirm\u00adfoto-2023-03-30-um-19.09.56-300x64.png 300w, https:\/\/kinderhaus.pfarrei-badkoetzting.de\/wordpress\/wp-content\/uploads\/2023\/03\/Bildschirm\u00adfoto-2023-03-30-um-19.09.56-1024x219.png 1024w, https:\/\/kinderhaus.pfarrei-badkoetzting.de\/wordpress\/wp-content\/uploads\/2023\/03\/Bildschirm\u00adfoto-2023-03-30-um-19.09.56-768x164.png 768w\" sizes=\"(max-width: 1190px) 100vw, 1190px\" \/><\/p>\n\n\n<h2 class=\"wp-block-heading\"><strong>Pl\u00e4tzchenaktion<\/strong><\/h2>\n\n\n\n<figure class=\"wp-block-gallery has-nested-images columns-default is-cropped wp-block-gallery-1 is-layout-flex\">\n<figure class=\"wp-block-image size-large\"><a href=\"https:\/\/kinderhaus.pfarrei-badkoetzting.de\/wordpress\/wp-content\/uploads\/2020\/12\/received_2735278986802350.jpeg\"><img decoding=\"async\" loading=\"lazy\" width=\"800\" height=\"600\" data-id=\"2359\"  src=\"https:\/\/kinderhaus.pfarrei-badkoetzting.de\/wordpress\/wp-content\/uploads\/2020\/12\/received_2735278986802350.jpeg\" alt=\"\" class=\"wp-image-2359\" srcset=\"https:\/\/kinderhaus.pfarrei-badkoetzting.de\/wordpress\/wp-content\/uploads\/2020\/12\/received_2735278986802350.jpeg 800w, https:\/\/kinderhaus.pfarrei-badkoetzting.de\/wordpress\/wp-content\/uploads\/2020\/12\/received_2735278986802350-300x225.jpeg 300w, https:\/\/kinderhaus.pfarrei-badkoetzting.de\/wordpress\/wp-content\/uploads\/2020\/12\/received_2735278986802350-768x576.jpeg 768w\" sizes=\"(max-width: 800px) 100vw, 800px\" \/><\/a><\/figure>\n\n\n\n<figure class=\"wp-block-image size-large\"><a href=\"https:\/\/kinderhaus.pfarrei-badkoetzting.de\/wordpress\/wp-content\/uploads\/2020\/12\/received_368672614198777.jpeg\"><img decoding=\"async\" loading=\"lazy\" width=\"600\" height=\"800\" data-id=\"2361\"  src=\"https:\/\/kinderhaus.pfarrei-badkoetzting.de\/wordpress\/wp-content\/uploads\/2020\/12\/received_368672614198777.jpeg\" alt=\"\" class=\"wp-image-2361\" srcset=\"https:\/\/kinderhaus.pfarrei-badkoetzting.de\/wordpress\/wp-content\/uploads\/2020\/12\/received_368672614198777.jpeg 600w, https:\/\/kinderhaus.pfarrei-badkoetzting.de\/wordpress\/wp-content\/uploads\/2020\/12\/received_368672614198777-225x300.jpeg 225w\" sizes=\"(max-width: 600px) 100vw, 600px\" \/><\/a><\/figure>\n\n\n\n<figure class=\"wp-block-image size-large\"><a href=\"https:\/\/kinderhaus.pfarrei-badkoetzting.de\/wordpress\/wp-content\/uploads\/2020\/12\/received_155503269598194.jpeg\"><img decoding=\"async\" loading=\"lazy\" width=\"600\" height=\"800\" data-id=\"2360\"  src=\"https:\/\/kinderhaus.pfarrei-badkoetzting.de\/wordpress\/wp-content\/uploads\/2020\/12\/received_155503269598194.jpeg\" alt=\"\" class=\"wp-image-2360\" srcset=\"https:\/\/kinderhaus.pfarrei-badkoetzting.de\/wordpress\/wp-content\/uploads\/2020\/12\/received_155503269598194.jpeg 600w, https:\/\/kinderhaus.pfarrei-badkoetzting.de\/wordpress\/wp-content\/uploads\/2020\/12\/received_155503269598194-225x300.jpeg 225w\" sizes=\"(max-width: 600px) 100vw, 600px\" \/><\/a><\/figure>\n<\/figure>\n\n\n<p>Der Elternbeirat hat unsere Eltern zur Pl\u00e4tzchenspende aufgerufen, und so konnten mehrere Pl\u00e4tzchent\u00fcten verpackt werden, die nun in folgenden Gesch\u00e4ften gegen eine kleine freiwillige Spende erh\u00e4ltlich sind: Edeka Segerer, Schreibwarenhandlung Oexler, Bad K\u00f6tztinger B\u00e4rwurzquelle und B\u00e4rwurzerei Liebl. Der Spendenerl\u00f6s kommt wieder ganz dem Kinderhaus mit seinen Kindern zugute, und so werden sicher wieder sch\u00f6ne Anschaffungen get\u00e4tigt oder Aktionen erm\u00f6glicht, \u00fcber die wir uns alle sehr freuen.<\/p>\n<p>Ein herzliches Vergelt\u00b4s Gott \u00fcberhaupt an alle, die unsere Kinderhausarbeit immer unterst\u00fctzen und wertsch\u00e4tzen!<\/p>\n\n\n<figure class=\"wp-block-image size-large\"><a href=\"https:\/\/kinderhaus.pfarrei-badkoetzting.de\/wordpress\/wp-content\/uploads\/2020\/12\/22811_440x248.jpg\"><img decoding=\"async\" loading=\"lazy\" width=\"440\" height=\"248\" src=\"https:\/\/kinderhaus.pfarrei-badkoetzting.de\/wordpress\/wp-content\/uploads\/2020\/12\/22811_440x248.jpg\" alt=\"\" class=\"wp-image-2328\" srcset=\"https:\/\/kinderhaus.pfarrei-badkoetzting.de\/wordpress\/wp-content\/uploads\/2020\/12\/22811_440x248.jpg 440w, https:\/\/kinderhaus.pfarrei-badkoetzting.de\/wordpress\/wp-content\/uploads\/2020\/12\/22811_440x248-300x169.jpg 300w\" sizes=\"(max-width: 440px) 100vw, 440px\" \/><\/a><\/figure>\n\n\n\n<div class=\"wp-block-group is-layout-flow\"><div class=\"wp-block-group__inner-container\"><\/div><\/div>\n\n\n\n<figure class=\"wp-block-image size-large\"><img decoding=\"async\" src=\"blob:https:\/\/kinderhaus.pfarrei-badkoetzting.de\/3eab7991-c5b9-47b1-abed-7ff4b430d169\" alt=\"\"\/><\/figure>\n\n\n\n<p><\/p>\n\n\n<h3 style=\"padding-left: 30px;\">Kuchenverkauf<\/h3>\n<p><img decoding=\"async\" loading=\"lazy\" class=\"aligncenter size-full wp-image-1545\" src=\"https:\/\/kinderhaus.pfarrei-badkoetzting.de\/wordpress\/wp-content\/uploads\/2019\/03\/IMG-20190321-WA0000.jpg-1.jpg\" alt=\"\" width=\"1009\" height=\"1008\" srcset=\"https:\/\/kinderhaus.pfarrei-badkoetzting.de\/wordpress\/wp-content\/uploads\/2019\/03\/IMG-20190321-WA0000.jpg-1.jpg 1009w, https:\/\/kinderhaus.pfarrei-badkoetzting.de\/wordpress\/wp-content\/uploads\/2019\/03\/IMG-20190321-WA0000.jpg-1-150x150.jpg 150w, https:\/\/kinderhaus.pfarrei-badkoetzting.de\/wordpress\/wp-content\/uploads\/2019\/03\/IMG-20190321-WA0000.jpg-1-300x300.jpg 300w, https:\/\/kinderhaus.pfarrei-badkoetzting.de\/wordpress\/wp-content\/uploads\/2019\/03\/IMG-20190321-WA0000.jpg-1-768x767.jpg 768w\" sizes=\"(max-width: 1009px) 100vw, 1009px\" \/><\/p>\n<p>Der Elternbeirat hat nach den Gottesdiensten am Sonntag den 17.03.2019 selbstgebackene Kuchen zum Verkauf angeboten. Gegen eine Spende konnten die leckeren Geb\u00e4cke mit nach Hause genommen werden. Die Aktion war ein voller Erfolg! Das Geld kommt wieder den Kinder des Kinderhauses zu Gute. &nbsp; &nbsp; &nbsp; &nbsp; &nbsp; &nbsp; &nbsp; &nbsp;&nbsp; Ein herzliches Vergelt\u00b4s Gott allen Kuchenb\u00e4ckern, den Elternbeir\u00e4ten und &nbsp; &nbsp; &nbsp; &nbsp; &nbsp; &nbsp; &nbsp; H. Pfarrer Mader, das wir den Verkauf in der Form machen konnten.<\/p>\n<h3><span style=\"color: #0000ff;\">=======================================<\/span><\/h3>\n<h3>&nbsp;<\/h3>\n<p><\/p>\n<h3>&nbsp;<\/h3>\n<p><\/p>\n<h3 style=\"text-align: center;\">&nbsp;<\/h3>\n<p><\/p>\n<p style=\"text-align: left;\">\n<\/p><h4>&nbsp;<\/h4>","protected":false},"excerpt":{"rendered":"<p>Elternbeirat 2023\/24 \u00a0 Pl\u00e4tzchenaktion Der Elternbeirat hat unsere Eltern zur Pl\u00e4tzchenspende aufgerufen, und so konnten mehrere Pl\u00e4tzchent\u00fcten verpackt werden, die nun in folgenden Gesch\u00e4ften gegen eine kleine freiwillige Spende erh\u00e4ltlich sind: Edeka Segerer, Schreibwarenhandlung Oexler, Bad K\u00f6tztinger B\u00e4rwurzquelle und B\u00e4rwurzerei Liebl. Der Spendenerl\u00f6s kommt wieder ganz dem Kinderhaus mit seinen Kindern zugute, und so werden &hellip; <a href=\"https:\/\/kinderhaus.pfarrei-badkoetzting.de\/?page_id=760\" class=\"more-link\"><span class=\"screen-reader-text\">Elternbeirat<\/span> weiterlesen <span class=\"meta-nav\">&rarr;<\/span><\/a><\/p>\n","protected":false},"author":5,"featured_media":0,"parent":0,"menu_order":0,"comment_status":"closed","ping_status":"closed","template":"","meta":[],"_links":{"self":[{"href":"https:\/\/kinderhaus.pfarrei-badkoetzting.de\/index.php?rest_route=\/wp\/v2\/pages\/760"}],"collection":[{"href":"https:\/\/kinderhaus.pfarrei-badkoetzting.de\/index.php?rest_route=\/wp\/v2\/pages"}],"about":[{"href":"https:\/\/kinderhaus.pfarrei-badkoetzting.de\/index.php?rest_route=\/wp\/v2\/types\/page"}],"author":[{"embeddable":true,"href":"https:\/\/kinderhaus.pfarrei-badkoetzting.de\/index.php?rest_route=\/wp\/v2\/users\/5"}],"replies":[{"embeddable":true,"href":"https:\/\/kinderhaus.pfarrei-badkoetzting.de\/index.php?rest_route=%2Fwp%2Fv2%2Fcomments&post=760"}],"version-history":[{"count":32,"href":"https:\/\/kinderhaus.pfarrei-badkoetzting.de\/index.php?rest_route=\/wp\/v2\/pages\/760\/revisions"}],"predecessor-version":[{"id":3285,"href":"https:\/\/kinderhaus.pfarrei-badkoetzting.de\/index.php?rest_route=\/wp\/v2\/pages\/760\/revisions\/3285"}],"wp:attachment":[{"href":"https:\/\/kinderhaus.pfarrei-badkoetzting.de\/index.php?rest_route=%2Fwp%2Fv2%2Fmedia&parent=760"}],"curies":[{"name":"wp","href":"https:\/\/api.w.org\/{rel}","templated":true}]}}