{"id":2313,"date":"2020-12-15T21:30:25","date_gmt":"2020-12-15T20:30:25","guid":{"rendered":"http:\/\/kinderhaus.pfarrei-badkoetzting.de\/?page_id=2313"},"modified":"2023-03-14T19:21:40","modified_gmt":"2023-03-14T18:21:40","slug":"gesucht","status":"publish","type":"page","link":"https:\/\/kinderhaus.pfarrei-badkoetzting.de\/?page_id=2313","title":{"rendered":"Gesucht"},"content":{"rendered":"<p><strong><u>Ein Aufruf in eigener Sache:<\/u><\/strong><\/p>\n<p>Unsere Kinderhauskinder malen und basteln sehr gerne und sehr viel.<\/p>\n<p>Bei 5 Gruppen ist es daher gar nicht verwunderlich, dass wir einen hohen Papierverbrauch haben\u2026.:)<\/p>\n<p>Unser Malpapiervorrat ( zum freien Malen, schnipseln, kleben, kritzeln ) geht zur Neige.<\/p>\n<p>Daher w\u00fcrden wir uns sehr freuen, wenn Sie uns Papier ( vorzugsweise DINA4) zukommen lassen k\u00f6nnten ( evtl. altes Druckerpapier, Bl\u00f6cke,\u2026.) die nicht mehr gebraucht werden. Gerne darf eine Seite auch bedruckt sein, ein Firmenlogo draufstehen, etc.. Gr\u00f6\u00dferes Papier k\u00f6nnen wir auch herschneiden.<\/p>\n<p>\u00a0<\/p>\n<p>Bitte melden Sie sich einfach bei uns!<\/p>\n<p><span style=\"color: #000000; font-family: Calibri;\">Herzliches Vergelt\u00b4s Gott schon im Voraus!!<\/span><\/p>\n<p>\u00a0<\/p>\n\n\n<figure class=\"wp-block-image size-large\"><a href=\"https:\/\/kinderhaus.pfarrei-badkoetzting.de\/wordpress\/wp-content\/uploads\/2020\/12\/kreativkurs-klexen-mischen-malen-farbspiel-2014-2.jpg\"><img decoding=\"async\" loading=\"lazy\" width=\"1024\" height=\"897\" src=\"https:\/\/kinderhaus.pfarrei-badkoetzting.de\/wordpress\/wp-content\/uploads\/2020\/12\/kreativkurs-klexen-mischen-malen-farbspiel-2014-2-1024x897.jpg\" alt=\"\" class=\"wp-image-2320\" srcset=\"https:\/\/kinderhaus.pfarrei-badkoetzting.de\/wordpress\/wp-content\/uploads\/2020\/12\/kreativkurs-klexen-mischen-malen-farbspiel-2014-2-1024x897.jpg 1024w, https:\/\/kinderhaus.pfarrei-badkoetzting.de\/wordpress\/wp-content\/uploads\/2020\/12\/kreativkurs-klexen-mischen-malen-farbspiel-2014-2-300x263.jpg 300w, https:\/\/kinderhaus.pfarrei-badkoetzting.de\/wordpress\/wp-content\/uploads\/2020\/12\/kreativkurs-klexen-mischen-malen-farbspiel-2014-2-768x673.jpg 768w, https:\/\/kinderhaus.pfarrei-badkoetzting.de\/wordpress\/wp-content\/uploads\/2020\/12\/kreativkurs-klexen-mischen-malen-farbspiel-2014-2-1536x1346.jpg 1536w, https:\/\/kinderhaus.pfarrei-badkoetzting.de\/wordpress\/wp-content\/uploads\/2020\/12\/kreativkurs-klexen-mischen-malen-farbspiel-2014-2-2048x1795.jpg 2048w\" sizes=\"(max-width: 1024px) 100vw, 1024px\" \/><\/a><\/figure>\n","protected":false},"excerpt":{"rendered":"<p>Ein Aufruf in eigener Sache: Unsere Kinderhauskinder malen und basteln sehr gerne und sehr viel. Bei 5 Gruppen ist es daher gar nicht verwunderlich, dass wir einen hohen Papierverbrauch haben\u2026.:) Unser Malpapiervorrat ( zum freien Malen, schnipseln, kleben, kritzeln ) geht zur Neige. Daher w\u00fcrden wir uns sehr freuen, wenn Sie uns Papier ( vorzugsweise &hellip; <a href=\"https:\/\/kinderhaus.pfarrei-badkoetzting.de\/?page_id=2313\" class=\"more-link\"><span class=\"screen-reader-text\">Gesucht<\/span> weiterlesen <span class=\"meta-nav\">&rarr;<\/span><\/a><\/p>\n","protected":false},"author":3,"featured_media":0,"parent":0,"menu_order":0,"comment_status":"closed","ping_status":"closed","template":"","meta":[],"_links":{"self":[{"href":"https:\/\/kinderhaus.pfarrei-badkoetzting.de\/index.php?rest_route=\/wp\/v2\/pages\/2313"}],"collection":[{"href":"https:\/\/kinderhaus.pfarrei-badkoetzting.de\/index.php?rest_route=\/wp\/v2\/pages"}],"about":[{"href":"https:\/\/kinderhaus.pfarrei-badkoetzting.de\/index.php?rest_route=\/wp\/v2\/types\/page"}],"author":[{"embeddable":true,"href":"https:\/\/kinderhaus.pfarrei-badkoetzting.de\/index.php?rest_route=\/wp\/v2\/users\/3"}],"replies":[{"embeddable":true,"href":"https:\/\/kinderhaus.pfarrei-badkoetzting.de\/index.php?rest_route=%2Fwp%2Fv2%2Fcomments&post=2313"}],"version-history":[{"count":4,"href":"https:\/\/kinderhaus.pfarrei-badkoetzting.de\/index.php?rest_route=\/wp\/v2\/pages\/2313\/revisions"}],"predecessor-version":[{"id":3036,"href":"https:\/\/kinderhaus.pfarrei-badkoetzting.de\/index.php?rest_route=\/wp\/v2\/pages\/2313\/revisions\/3036"}],"wp:attachment":[{"href":"https:\/\/kinderhaus.pfarrei-badkoetzting.de\/index.php?rest_route=%2Fwp%2Fv2%2Fmedia&parent=2313"}],"curies":[{"name":"wp","href":"https:\/\/api.w.org\/{rel}","templated":true}]}}