{"id":20,"date":"2015-04-04T14:31:54","date_gmt":"2015-04-04T12:31:54","guid":{"rendered":"http:\/\/kinderhaus.pfarrei-badkoetzting.de\/wordpress\/?page_id=20"},"modified":"2023-04-14T16:29:05","modified_gmt":"2023-04-14T14:29:05","slug":"impressum","status":"publish","type":"page","link":"https:\/\/kinderhaus.pfarrei-badkoetzting.de\/?page_id=20","title":{"rendered":"Impressum"},"content":{"rendered":"<h4>Kinderhaus Bad K\u00f6tzting<\/h4>\n<p>Tel:09941\/904408<\/p>\n<p>Fax: 09941\/904627<br \/>\nE-Mail:<span style=\"color: #ff0000;\">\u00a0kita.badkoetzting@bistum-regensburg.de<\/span><br \/>\nInternet: <a href=\"https:\/\/kinderhaus.pfarrei-badkoetzting.de\">kinderhaus.pfarrei-badkoetzting.de<\/a><\/p>\n<p>Leiterin des Kinderhauses: Ramona M\u00fcller<\/p>\n<p>Tr\u00e4ger des Kinderhauses ist die kath. Pfarrkirchenstiftung Bad K\u00f6tzting.<\/p>\n<p>Homepagegestaltung:<br \/>\nVerantwortlich f\u00fcr die Inhalte der Subdomain des Kinderhauses ist<br \/>\nMichaela Nelz<br \/>\n(erreichbar im Kinderhaus Bad K\u00f6tzting)<\/p>\n<p>Die Homepage des Kinderhauses ist Teil der Homepage der Pfarrei Bad K\u00f6tzting.<br \/>\n<a href=\"http:\/\/www.pfarrei-badkoetzting.de\/datenschutz\/impressum.html\">Impressum der Domain der Pfarrei<\/a><\/p>\n<p>Katholisches Pfarramt Mari\u00e4 Himmelfahrt Bad K\u00f6tzting<\/p>\n<p>Herrenstra\u00dfe 11<br \/>\n93444 Bad K\u00f6tzting<\/p>\n<p>Tel.: 09941\/94260<br \/>\nFax: 09941\/7172<br \/>\nE-Mail: <a href=\"mailto:pfarramt@pfarrei-badkoetzting.de\">pfarramt@pfarrei-badkoetzting.de<\/a><br \/>\nInternet: <a href=\"http:\/\/www.pfarrei-badkoetzting.de\">www.pfarrei-badkoetzting.de<\/a><\/p>\n<p>Die Pfarrei Mari\u00e4 Himmelfahrt in eine K\u00f6rperschaft \u00f6ffentlichen Rechts.<br \/>\nSie wird vertreten durch Pfarrer Thomas Winderl und Kaplan Alexander Ertl.<\/p>\n<p>Haftungshinweis:<br \/>\nTrotz sorgf\u00e4ltiger inhaltlicher Kontrolle \u00fcbernehmen wir keine Gew\u00e4hr f\u00fcr die Aktualit\u00e4t, Vollst\u00e4ndigkeit und Richtigkeit der bereitgestellten Seiten und Inhalte.<\/p>\n<p>Die externen Links auf unseren Seiten sind sorgf\u00e4ltig ausgew\u00e4hlt. Diese k\u00f6nnen von uns jedoch nicht st\u00e4ndig \u00fcberwacht werden. Daher \u00fcbernehmen wir keine Haftung f\u00fcr die Inhalte externer Links. F\u00fcr die Inhalte der verlinkten Seiten sind ausschlie\u00dflich deren Betreiber verantwortlich.<\/p>\n<p>Die auf dieser Homepage ver\u00f6ffentlichten Inhalte unterliegen dem Urheberrecht.<\/p>\n<p>Copyright \u00a9 Kath. Pfarramt Mari\u00e4 Himmelfahrt Bad K\u00f6tzting 2023. Alle Rechte vorbehalten.<\/p>\n","protected":false},"excerpt":{"rendered":"<p>Kinderhaus Bad K\u00f6tzting Tel:09941\/904408 Fax: 09941\/904627 E-Mail:\u00a0kita.badkoetzting@bistum-regensburg.de Internet: kinderhaus.pfarrei-badkoetzting.de Leiterin des Kinderhauses: Ramona M\u00fcller Tr\u00e4ger des Kinderhauses ist die kath. Pfarrkirchenstiftung Bad K\u00f6tzting. Homepagegestaltung: Verantwortlich f\u00fcr die Inhalte der Subdomain des Kinderhauses ist Michaela Nelz (erreichbar im Kinderhaus Bad K\u00f6tzting) Die Homepage des Kinderhauses ist Teil der Homepage der Pfarrei Bad K\u00f6tzting. Impressum der Domain &hellip; <a href=\"https:\/\/kinderhaus.pfarrei-badkoetzting.de\/?page_id=20\" class=\"more-link\"><span class=\"screen-reader-text\">Impressum<\/span> weiterlesen <span class=\"meta-nav\">&rarr;<\/span><\/a><\/p>\n","protected":false},"author":3,"featured_media":0,"parent":0,"menu_order":8,"comment_status":"closed","ping_status":"closed","template":"","meta":[],"_links":{"self":[{"href":"https:\/\/kinderhaus.pfarrei-badkoetzting.de\/index.php?rest_route=\/wp\/v2\/pages\/20"}],"collection":[{"href":"https:\/\/kinderhaus.pfarrei-badkoetzting.de\/index.php?rest_route=\/wp\/v2\/pages"}],"about":[{"href":"https:\/\/kinderhaus.pfarrei-badkoetzting.de\/index.php?rest_route=\/wp\/v2\/types\/page"}],"author":[{"embeddable":true,"href":"https:\/\/kinderhaus.pfarrei-badkoetzting.de\/index.php?rest_route=\/wp\/v2\/users\/3"}],"replies":[{"embeddable":true,"href":"https:\/\/kinderhaus.pfarrei-badkoetzting.de\/index.php?rest_route=%2Fwp%2Fv2%2Fcomments&post=20"}],"version-history":[{"count":24,"href":"https:\/\/kinderhaus.pfarrei-badkoetzting.de\/index.php?rest_route=\/wp\/v2\/pages\/20\/revisions"}],"predecessor-version":[{"id":3081,"href":"https:\/\/kinderhaus.pfarrei-badkoetzting.de\/index.php?rest_route=\/wp\/v2\/pages\/20\/revisions\/3081"}],"wp:attachment":[{"href":"https:\/\/kinderhaus.pfarrei-badkoetzting.de\/index.php?rest_route=%2Fwp%2Fv2%2Fmedia&parent=20"}],"curies":[{"name":"wp","href":"https:\/\/api.w.org\/{rel}","templated":true}]}}