{"id":1089,"date":"2018-03-30T21:14:48","date_gmt":"2018-03-30T19:14:48","guid":{"rendered":"http:\/\/kinderhaus.pfarrei-badkoetzting.de\/?page_id=1089"},"modified":"2021-04-26T10:14:43","modified_gmt":"2021-04-26T08:14:43","slug":"bewegung","status":"publish","type":"page","link":"https:\/\/kinderhaus.pfarrei-badkoetzting.de\/?page_id=1089","title":{"rendered":"Bewegung"},"content":{"rendered":"\n<figure class=\"wp-block-image size-large\"><a href=\"https:\/\/kinderhaus.pfarrei-badkoetzting.de\/wordpress\/wp-content\/uploads\/2017\/11\/images.jpg-3.jpg\"><img decoding=\"async\" loading=\"lazy\" width=\"95\" height=\"204\" src=\"https:\/\/kinderhaus.pfarrei-badkoetzting.de\/wordpress\/wp-content\/uploads\/2017\/11\/images.jpg-3.jpg\" alt=\"\" class=\"wp-image-922\"\/><\/a><\/figure>\n\n\n<h3>Kneipp dich fit-Anwendung<br>\nR\u00fcckeninfo<\/h3>\n<p>Jeder dritte Erstkl\u00e4ssler hat bereits eine schlechte K\u00f6rperhaltung und ein F\u00fcnftel der Grundsch\u00fcler klagt \u00fcber R\u00fcckenschmerzen.<br>\nWie k\u00f6nnen wir unsere Kinder in einem r\u00fcckengesunden Alltag unterst\u00fctzen:<br>\nBewegung<br>\nEntspannung<br>\nAtmung<br>\nDurchblutung<br>\nAnregung des vegetativen Nervensystems<br>\nAromatherapie<br>\nBei Kindern im Vorschulalter kann eine Haltungsschw\u00e4che noch nicht eindeutig festgestellt werden. So ist das Becken bei Dreij\u00e4hrigen entwicklungsbedingt noch leicht nach vorne gekippt. Erst im Alter von vier bis sechs Jahren richtet sich die Wirbels\u00e4ule auf, um ihre endg\u00fcltige S-Form zu erreichen.<br>\nKleine Kinder tun instinktiv das Richtige: Sie springen in Pf\u00fctzen, balancieren auf der Bordsteinkante und m\u00fcssen auf jeden H\u00fcgel klettern \u2013 kurz, sie sind immer in Bewegung. Dabei trainieren sie ausgiebig alle Muskelgruppen, lernen ihre Bewegungen zu koordinieren und st\u00e4rken ihre K\u00f6rperhaltung und ben\u00f6tigen keine R\u00fcckenschule. Ihre Durchblutung ist bei Bewegung angeregt und die Atmung ist tief.<\/p>\n<p>Was k\u00f6nnen wir tun? \u2013 Schwerpunkt Bewegung<br>\nKinder viel drau\u00dfen spielen lassen. Klettern, turnen, rutschen, schaukeln und rennen. Spazieren gehen und auf Spielpl\u00e4tzen Pause machen. Vielseitige Bewegung st\u00e4rkt nicht nur die Haltung, sondern wirkt sich auch positiv auf die Intelligenz Ihres Kindes aus!<br>\nUnsere K\u00f6rperhaltung baut sich von unten, von den F\u00fc\u00dfen her auf. Deshalb ist eine starke Fu\u00dfmuskulatur so wichtig. Barfu\u00dflaufen ist Wirbels\u00e4ulengymnastik.<br>\nGerade sitzen ist out, \u201ebewegtes Sitzen\u201c f\u00fcr einen starken Kinderr\u00fccken!<br>\nBeim bewegten Sitzen werden immer wieder andere Muskelgruppen beansprucht und der Druck des K\u00f6rpergewichts verteilt sich besser auf die Bandscheiben. Viel wichtiger ist, dass Ihr Kind immer wieder die Sitzposition wechselt. Mal auf dem Stuhl l\u00fcmmeln oder knien ist also durchaus erlaubt. Es gibt nur eines, das besser f\u00fcr den R\u00fccken ist als bewegtes Sitzen: \u00fcberhaupt nicht sitzen! Deswegen ist es g\u00fcnstig, wenn Ihr Kind zwischendurch immer wieder aufsteht oder herumgeht \u2013 aber das tun zumindest kleinere Kinder ganz von selbst.<br>\nMit den Kindern \u00fcberlegen wie die Gelenke funktionieren und in welche Richtungen Bewegungen machbar sind.<\/p>\n<h2>Bewegungsspiel: Gelenkig wie ein K\u00e4tzchen<\/h2>\n<p class=\"bodytext\">Dieses Bewegungsspiel st\u00e4rkt die R\u00fcckenmuskulatur und verbessert die Gelenkigkeit der Wirbels\u00e4ule.&nbsp;Erz\u00e4hlen Sie Ihrem Kind, dass es jetzt ein kleines, verspieltes K\u00e4tzchen ist, das sich nach einem erholsamen Nickerchen kr\u00e4ftig reckt und streckt. Dann jagt es eine Maus.<\/p>\n<p class=\"bodytext\"><b>Diese \u00dcbung besteht aus verschiedenen Teilen:<\/b><\/p>\n<table class=\"contenttable\">\n<tbody>\n<tr>\n<td><img decoding=\"async\" loading=\"lazy\" title=\"Gelenkig wie ein K\u00e4tzchen: Ruheposition\" src=\"https:\/\/www.elternwissen.com\/fileadmin\/content\/magazin\/gesundheit\/fitness-fuer-kinder\/Rueckenschule1.jpg\" alt=\"Gelenkig wie ein K\u00e4tzchen: Ruheposition\" width=\"125\" height=\"125\">(<i>Ruheposition<\/i>)<\/td>\n<td><strong>1.&nbsp;Das kleine K\u00e4tzchen schl\u00e4ft noch<\/strong><br>\nEs kniet auf dem Boden, die Unterarme liegen dabei vor den Knien und sein Kopf ruht auf den Unterarmen (<em>siehe Abbildung 1<\/em>).<\/td>\n<\/tr>\n<tr>\n<td><img decoding=\"async\" loading=\"lazy\" title=\"Gelenkig wie ein K\u00e4tzchen: Vierf\u00fc\u00dflerstand\" src=\"https:\/\/www.elternwissen.com\/fileadmin\/content\/magazin\/gesundheit\/fitness-fuer-kinder\/Rueckenschule2.jpg\" alt=\"Gelenkig wie ein K\u00e4tzchen: Vierf\u00fc\u00dflerstand\" width=\"125\" height=\"125\">(<em>Vierf\u00fc\u00dflerstand<\/em>)<\/td>\n<td><strong>2. Das K\u00e4tzchen wird wach und reckt und streckt sich<\/strong><br>\nIhr Kind hebt nun den Kopf und streckt die Arme nach vorne aus. Bei leicht gebeugten Ellenbogen und erhobenem Kopf biegt es dann die Wirbels\u00e4ule weit nach unten durch (<em>siehe Abbildung 2<\/em>).&nbsp;Anschlie\u00dfend streckt es die Arme durch, senkt den Kopf und kr\u00fcmmt die Wirbels\u00e4ule nach oben \u2013 es macht also einen Katzenbuckel.<\/td>\n<\/tr>\n<tr>\n<td><img decoding=\"async\" loading=\"lazy\" title=\"Gelenkig wie ein K\u00e4tzchen: Strecken\" src=\"https:\/\/www.elternwissen.com\/fileadmin\/content\/magazin\/gesundheit\/fitness-fuer-kinder\/Rueckenschule3.jpg\" alt=\"Gelenkig wie ein K\u00e4tzchen: Strecken\" width=\"125\" height=\"125\">(<em>Strecken<\/em>)<\/td>\n<td><strong>3. Nun kommen die Pf\u00f6tchen dran<\/strong><\/td>\n<\/tr>\n<tr>\n<td><img decoding=\"async\" loading=\"lazy\" title=\"Gelenkig wie ein K\u00e4tzchen: Runder R\u00fccken\" src=\"https:\/\/www.elternwissen.com\/fileadmin\/content\/magazin\/gesundheit\/fitness-fuer-kinder\/Rueckenschule4.jpg\" alt=\"Gelenkig wie ein K\u00e4tzchen: Runder R\u00fccken\" width=\"125\" height=\"125\">(<i>Runder R\u00fccken<\/i>)<\/td>\n<td><b>4. Das K\u00e4tzchen lugt ins Mauseloch hinein<\/b><br>\nIhr Kind, das K\u00e4tzchen, muss sich dazu ganz flach machen. Es sitzt im Kniesitz und schiebt mit aufgest\u00fctzten H\u00e4nden (Fingerspitzen zeigen zueinander) und erhobenem Kopf den Oberk\u00f6rper so weit es geht flach am Boden entlang. Wenn es nicht mehr weiter geht, macht es den R\u00fccken ganz rund und kommt mit gesenktem Kopf in den Kniesitz zur\u00fcck (<i>siehe Abbildung 4<\/i>).<p><\/p>\n<p><b>5.&nbsp;Das K\u00e4tzchen schleicht sich an die Maus heran<br>\n<\/b>Ihr Kind kann jetzt auf H\u00e4nden und Knien durch das Zimmer schleichen und nach dem M\u00e4uschen suchen. Hat es eines entdeckt, setzt es aus dem Vierf\u00fc\u00dflerstand zu einem gewaltigen Sprung an. Damit dabei die Handfl\u00e4chen und Knie nicht leiden, ist eine Isomatte oder auch eine ausrangierte Matratze als Unterlage zu empfehlen.<\/p><\/td>\n<\/tr>\n<\/tbody>\n<\/table>\n<div id=\"m_articles_banner_593xN\" class=\"ad-wrap ads_container ads_center_adsrv\"><ins id=\"revive-0-2\" data-revive-zoneid=\"10\" data-revive-id=\"9887ee3972ba5a672492d1be90157bd6\" data-revive-seq=\"2\" data-revive-loaded=\"1\"><p><\/p>\n<div class=\"ads ads-center\">\n<div id=\"beacon_b2f5b78bc8\"><span style=\"color: inherit; font-family: Bitter, Georgia, serif; font-size: 30px; font-weight: 600; background-color: #ffffff;\">Bewegungsspiel: Verspielt wie ein Hund<\/span><\/div>\n<\/div>\n<p><\/p><\/ins><\/div>\n<p class=\"bodytext\">Ihr Kind ist jetzt ein kleiner Hund, der versucht, sein eigenes Schw\u00e4nzchen zu fangen.<\/p>\n<table class=\"contenttable\">\n<tbody>\n<tr>\n<td><img decoding=\"async\" loading=\"lazy\" title=\"Verspielt wie ein Hund: Bewegung im Vierf\u00fc\u00dflerstand\" src=\"https:\/\/www.elternwissen.com\/fileadmin\/content\/magazin\/gesundheit\/fitness-fuer-kinder\/Rueckenschule5.jpg\" alt=\"Verspielt wie ein Hund: Bewegung im Vierf\u00fc\u00dflerstand\" width=\"125\" height=\"125\"><br>\n(<i>Bewegung im<br>\nVierf\u00fc\u00dflerstand<\/i>)<\/td>\n<td>\n<ul>\n<li><b>Verbessert die Elastizit\u00e4t der Wirbels\u00e4ule<\/b><\/li>\n<\/ul>\n<p>Es steht im Vierf\u00fc\u00dflerstand und bewegt den Kopf in Richtung Becken (<i>siehe Abbildung 5<\/i>). Dabei dreht es sich um die eigene Achse \u2013 mal zur rechten, dann wieder zur linken Seite.<\/p><\/td>\n<\/tr>\n<\/tbody>\n<\/table>\n<h2>Bewegungsspiel: Fischen wie ein B\u00e4r<\/h2>\n<p class=\"bodytext\">Erz\u00e4hlen Sie Ihrem Kind, dass es ein Eisb\u00e4r ist und an einem Eisloch lauert, um einen Fisch zu fangen.<\/p>\n<table class=\"contenttable\">\n<tbody>\n<tr>\n<td><img decoding=\"async\" loading=\"lazy\" title=\"Fischen wie ein B\u00e4r: Fersensitz\" src=\"https:\/\/www.elternwissen.com\/fileadmin\/content\/magazin\/gesundheit\/fitness-fuer-kinder\/Rueckenschule6.jpg\" alt=\"Fischen wie ein B\u00e4r: Fersensitz\" width=\"125\" height=\"125\"><br>\n(<i>Fersensitz<\/i>)<\/td>\n<td>\n<ul>\n<li><b>St\u00e4rkt die R\u00fcckenmuskulatur<\/b><\/li>\n<\/ul>\n<p>Dabei sitzt Ihr Kind im Fersensitz auf dem \u201eEis\u201c, der Oberk\u00f6rper liegt mit gestreckten Armen auf dem Boden (<i>siehe Abbildung 6<\/i>). Nun streckt es abwechselnd erst den rechten, dann den linken Arm nach vorne, um mit der \u201eTatze\u201c im Wasser zu fischen.<\/p><\/td>\n<\/tr>\n<\/tbody>\n<\/table>\n<h2>Bewegungsspiel: H\u00fcpfen wie eine Frosch<\/h2>\n<div id=\"NA\"><\/div>\n<p class=\"bodytext\">Ihr Kind ist nun ein Frosch, der einer flinken Fliege hinterher springt.<\/p>\n<table class=\"contenttable\">\n<tbody>\n<tr>\n<td><img decoding=\"async\" loading=\"lazy\" title=\"H\u00fcpfen wie eine Frosch: Springen\" src=\"https:\/\/www.elternwissen.com\/fileadmin\/content\/magazin\/gesundheit\/fitness-fuer-kinder\/Rueckenschule7.jpg\" alt=\"H\u00fcpfen wie eine Frosch: Springen\" width=\"125\" height=\"125\"><br>\n(<i>Springen<\/i>)<\/td>\n<td>\n<ul>\n<li><b>St\u00e4rkt den gesamten R\u00fccken<\/b><\/li>\n<\/ul>\n<p>Es geht in die Hocke und setzt beide H\u00e4nde auf dem Boden auf. Dann springt es wie ein Frosch nach vorne, indem es sich mit den H\u00e4nden abst\u00fctzt und mit den F\u00fc\u00dfen nachsetzt (<i>siehe Abbildung 7<\/i>).<\/p><\/td>\n<\/tr>\n<\/tbody>\n<\/table>\n<h2>Majest\u00e4tisch wie ein Storch<\/h2>\n<p class=\"bodytext\">Erz\u00e4hlen Sie Ihrem Kind, dass es ein Storch ist, der mit gro\u00dfen Schritten langsam und majest\u00e4tisch \u00fcber eine Wiese schreitet.<\/p>\n<table class=\"contenttable\">\n<tbody>\n<tr>\n<td><img decoding=\"async\" loading=\"lazy\" title=\"Majest\u00e4tisch wie ein Storch: Arme ausstrecken\" src=\"https:\/\/www.elternwissen.com\/fileadmin\/content\/magazin\/gesundheit\/fitness-fuer-kinder\/Rueckenschule8.jpg\" alt=\"Majest\u00e4tisch wie ein Storch: Arme ausstrecken\" width=\"125\" height=\"125\"><br>\n(<i>Arme ausstrecken<\/i>)<\/td>\n<td>\n<ul>\n<li><b>St\u00e4rkt die obere R\u00fcckenmuskulatur<\/b><\/li>\n<li><b>verbessert das Gleichgewicht<\/b><\/li>\n<\/ul>\n<p>Ihr Kind steht dabei auf einem Bein, wobei es das Standbein nicht \u00fcberstrecken (nach hinten durchdr\u00fccken) darf. Die Arme breitet es in Schulterh\u00f6he zu beiden Seiten aus. In dieser Position soll es f\u00fcnf Sekunden verharren (<i>siehe Abbildung 8<\/i>), dann kommt der n\u00e4chste Schritt des Storches und die andere Seite ist dran.<\/p><\/td>\n<\/tr>\n<\/tbody>\n<\/table>\n<h2>Drunter und dr\u00fcber mit der schiefen Br\u00fccke<\/h2>\n<table class=\"contenttable\">\n<tbody>\n<tr>\n<td><img decoding=\"async\" loading=\"lazy\" title=\"Drunter und dr\u00fcber mit der schiefen Br\u00fccke\" src=\"https:\/\/www.elternwissen.com\/fileadmin\/content\/magazin\/gesundheit\/fitness-fuer-kinder\/Rueckenschule9.jpg\" alt=\"Drunter und dr\u00fcber mit der schiefen Br\u00fccke\" width=\"125\" height=\"125\"><br>\n(<i>Br\u00fccke<\/i>)<\/td>\n<td>\n<ul>\n<li><b>St\u00e4rkt die unteren R\u00fcckenmuskeln,<br>\ndie Ges\u00e4\u00df- und die Oberschenkelmuskeln<\/b><\/li>\n<\/ul>\n<p>Ihr Kind legt sich auf den R\u00fccken, winkelt die Knie ab und stellt beide Beine mit ein wenig Abstand (gibt einen besseren Stand!) fest auf den Boden. Dann hebt es das Becken vom Boden ab und bildet quasi eine schr\u00e4ge Br\u00fccke (<i>siehe Abbildung 9<\/i>) \u2013 das ist allerdings ganz sch\u00f6n anstrengend, sodass Sie Ihr Kind immer wieder ermutigen sollten, noch ein wenig durchzuhalten, wenn es gleich aufgeben will!<\/p>\n<p>Nun bekommt Ihr Kind einen nur wenig aufgeblasenen Luftballon, einen kleinen Ball oder ein kleines Stofftier, das es um seinen K\u00f6rper kreisen lassen soll: Es soll den Gegenstand unter dem R\u00fccken durch von der rechten Hand in die linke geben. Zur\u00fcck zur rechten Hand geht es dann oben dr\u00fcber \u00fcber den Bauch usw.<\/p><\/td>\n<\/tr>\n<\/tbody>\n<\/table>\n<p>Drehwurm<br>\nDas Kind legt sich auf den R\u00fccken in die Wiese oder Sportraum und macht sich ganz lang, indem es beide Beine ausstreckt und die Arme \u00fcber den Kopf nach hinten reckt. Nun rollt es sich in dieser Position viermal um die eigene Achse und dann wieder zur\u00fcck. Diese \u00dcbung f\u00f6rdert die Beweglichkeit, st\u00e4rkt die R\u00fccken- und Po-Muskulatur und macht auch j\u00fcngeren Kindern richtig Spa\u00df.<\/p>\n<p>K\u00e4fer auf dem R\u00fccken<br>\nBei dieser \u00dcbung kann sich das Kind so richtig austoben: \u201eLege dich auf den R\u00fccken, strecke F\u00fc\u00dfe und Arme in die Luft und strample 30 Sekunden lang, was das Zeug h\u00e4lt!\u201c Diese \u00dcbung trainiert nicht nur die Bauchmuskeln, sondern macht auch gute Laune. Wichtig! Dabei soll kein Hohlkreuzentstehen. Der untere R\u00fccken muss bei der \u00dcbung fest aufliegen.<\/p>\n<p>Auf und nieder, immer wieder<br>\nDas Kind kniet sich aufrecht auf den Boden (am besten auf eine weiche Unterlage) und nimmt die H\u00e4nde hoch \u00fcber den Kopf. Dann abwechselnd nach links und rechts absitzen, bis der Po den Boden ber\u00fchrt. Die \u00dcbung wird f\u00fcnfmal rechts und f\u00fcnfmal links wiederholt. Hierbei werden R\u00fccken-, Bauch- und Po-Muskulatur trainiert.<\/p>\n<p>Katze und Pferd<br>\nDas Kind kniet im Vierf\u00fc\u00dflerstand auf dem Boden und begibt sich gedanklich in die Rolle einer Katze. Nun h\u00f6rt die \u201eKatze\u201c einen Hund und macht einen ganz gro\u00dfen Katzenbuckel. Richtig gro\u00df! Diese Position etwas halten und zur Ausgangsposition zur\u00fcckkehren. Im Anschluss macht das Kind einen Pferder\u00fccken. Der R\u00fccken bzw. Bauchnabel sinkt in der Mitte nach unten, Kopf und Po bleiben hoch. Diese \u00dcbung im Wechsel zwischen \u201eKatze\u201c und \u201ePferd\u201c mehrmals wiederholen.<\/p>\n<h2 style=\"text-align: center;\">Bewegung im Garten<\/h2>\n<p><img decoding=\"async\" loading=\"lazy\" class=\"size-full wp-image-1371 alignleft\" src=\"https:\/\/kinderhaus.pfarrei-badkoetzting.de\/wordpress\/wp-content\/uploads\/2018\/10\/IMG_9060.jpg\" alt=\"\" width=\"1024\" height=\"683\" srcset=\"https:\/\/kinderhaus.pfarrei-badkoetzting.de\/wordpress\/wp-content\/uploads\/2018\/10\/IMG_9060.jpg 1024w, https:\/\/kinderhaus.pfarrei-badkoetzting.de\/wordpress\/wp-content\/uploads\/2018\/10\/IMG_9060-300x200.jpg 300w, https:\/\/kinderhaus.pfarrei-badkoetzting.de\/wordpress\/wp-content\/uploads\/2018\/10\/IMG_9060-768x512.jpg 768w\" sizes=\"(max-width: 1024px) 100vw, 1024px\" \/><\/p>\n<p><img decoding=\"async\" loading=\"lazy\" class=\"size-full wp-image-1373 alignright\" src=\"https:\/\/kinderhaus.pfarrei-badkoetzting.de\/wordpress\/wp-content\/uploads\/2018\/10\/IMG_9079.jpg\" alt=\"\" width=\"1024\" height=\"683\" srcset=\"https:\/\/kinderhaus.pfarrei-badkoetzting.de\/wordpress\/wp-content\/uploads\/2018\/10\/IMG_9079.jpg 1024w, https:\/\/kinderhaus.pfarrei-badkoetzting.de\/wordpress\/wp-content\/uploads\/2018\/10\/IMG_9079-300x200.jpg 300w, https:\/\/kinderhaus.pfarrei-badkoetzting.de\/wordpress\/wp-content\/uploads\/2018\/10\/IMG_9079-768x512.jpg 768w\" sizes=\"(max-width: 1024px) 100vw, 1024px\" \/><\/p>\n<p><img decoding=\"async\" loading=\"lazy\" class=\"aligncenter wp-image-1198\" src=\"https:\/\/kinderhaus.pfarrei-badkoetzting.de\/wordpress\/wp-content\/uploads\/2018\/05\/P1030472.jpg\" alt=\"\" width=\"571\" height=\"428\" srcset=\"https:\/\/kinderhaus.pfarrei-badkoetzting.de\/wordpress\/wp-content\/uploads\/2018\/05\/P1030472.jpg 1500w, https:\/\/kinderhaus.pfarrei-badkoetzting.de\/wordpress\/wp-content\/uploads\/2018\/05\/P1030472-300x225.jpg 300w, https:\/\/kinderhaus.pfarrei-badkoetzting.de\/wordpress\/wp-content\/uploads\/2018\/05\/P1030472-768x576.jpg 768w, https:\/\/kinderhaus.pfarrei-badkoetzting.de\/wordpress\/wp-content\/uploads\/2018\/05\/P1030472-1024x768.jpg 1024w\" sizes=\"(max-width: 571px) 100vw, 571px\" \/><\/p>\n<h2><\/h2>\n<h2 style=\"text-align: center;\">Turnstunde<\/h2>\n<p><img decoding=\"async\" loading=\"lazy\" class=\"aligncenter size-full wp-image-1489\" src=\"https:\/\/kinderhaus.pfarrei-badkoetzting.de\/wordpress\/wp-content\/uploads\/2019\/02\/IMG_9139.png\" alt=\"\" width=\"1024\" height=\"683\" srcset=\"https:\/\/kinderhaus.pfarrei-badkoetzting.de\/wordpress\/wp-content\/uploads\/2019\/02\/IMG_9139.png 1024w, https:\/\/kinderhaus.pfarrei-badkoetzting.de\/wordpress\/wp-content\/uploads\/2019\/02\/IMG_9139-300x200.png 300w, https:\/\/kinderhaus.pfarrei-badkoetzting.de\/wordpress\/wp-content\/uploads\/2019\/02\/IMG_9139-768x512.png 768w\" sizes=\"(max-width: 1024px) 100vw, 1024px\" \/><\/p>\n<p><img decoding=\"async\" loading=\"lazy\" class=\"aligncenter  wp-image-1490\" src=\"https:\/\/kinderhaus.pfarrei-badkoetzting.de\/wordpress\/wp-content\/uploads\/2019\/02\/IMG_9146.png\" alt=\"\" width=\"483\" height=\"725\" srcset=\"https:\/\/kinderhaus.pfarrei-badkoetzting.de\/wordpress\/wp-content\/uploads\/2019\/02\/IMG_9146.png 683w, https:\/\/kinderhaus.pfarrei-badkoetzting.de\/wordpress\/wp-content\/uploads\/2019\/02\/IMG_9146-200x300.png 200w\" sizes=\"(max-width: 483px) 100vw, 483px\" \/><\/p>\n<p><img decoding=\"async\" loading=\"lazy\" class=\"aligncenter  wp-image-1491\" src=\"https:\/\/kinderhaus.pfarrei-badkoetzting.de\/wordpress\/wp-content\/uploads\/2019\/02\/IMG_9163.png\" alt=\"\" width=\"402\" height=\"603\" srcset=\"https:\/\/kinderhaus.pfarrei-badkoetzting.de\/wordpress\/wp-content\/uploads\/2019\/02\/IMG_9163.png 683w, https:\/\/kinderhaus.pfarrei-badkoetzting.de\/wordpress\/wp-content\/uploads\/2019\/02\/IMG_9163-200x300.png 200w\" sizes=\"(max-width: 402px) 100vw, 402px\" \/><\/p>\n<p><img decoding=\"async\" loading=\"lazy\" class=\"aligncenter size-full wp-image-1248\" src=\"https:\/\/kinderhaus.pfarrei-badkoetzting.de\/wordpress\/wp-content\/uploads\/2018\/06\/20180221_112738.jpg\" alt=\"\" width=\"3264\" height=\"1836\" srcset=\"https:\/\/kinderhaus.pfarrei-badkoetzting.de\/wordpress\/wp-content\/uploads\/2018\/06\/20180221_112738.jpg 3264w, https:\/\/kinderhaus.pfarrei-badkoetzting.de\/wordpress\/wp-content\/uploads\/2018\/06\/20180221_112738-300x169.jpg 300w, https:\/\/kinderhaus.pfarrei-badkoetzting.de\/wordpress\/wp-content\/uploads\/2018\/06\/20180221_112738-768x432.jpg 768w, https:\/\/kinderhaus.pfarrei-badkoetzting.de\/wordpress\/wp-content\/uploads\/2018\/06\/20180221_112738-1024x576.jpg 1024w\" sizes=\"(max-width: 3264px) 100vw, 3264px\" \/><img decoding=\"async\" loading=\"lazy\" class=\"aligncenter size-full wp-image-1249\" src=\"https:\/\/kinderhaus.pfarrei-badkoetzting.de\/wordpress\/wp-content\/uploads\/2018\/06\/20180221_083336.jpg\" alt=\"\" width=\"3264\" height=\"1836\" srcset=\"https:\/\/kinderhaus.pfarrei-badkoetzting.de\/wordpress\/wp-content\/uploads\/2018\/06\/20180221_083336.jpg 3264w, https:\/\/kinderhaus.pfarrei-badkoetzting.de\/wordpress\/wp-content\/uploads\/2018\/06\/20180221_083336-300x169.jpg 300w, https:\/\/kinderhaus.pfarrei-badkoetzting.de\/wordpress\/wp-content\/uploads\/2018\/06\/20180221_083336-768x432.jpg 768w, https:\/\/kinderhaus.pfarrei-badkoetzting.de\/wordpress\/wp-content\/uploads\/2018\/06\/20180221_083336-1024x576.jpg 1024w\" sizes=\"(max-width: 3264px) 100vw, 3264px\" \/><\/p>\n<h2 style=\"text-align: center;\"><img decoding=\"async\" loading=\"lazy\" class=\"aligncenter size-full wp-image-1083\" src=\"https:\/\/kinderhaus.pfarrei-badkoetzting.de\/wordpress\/wp-content\/uploads\/2018\/03\/IMG_8198.jpg\" alt=\"\" width=\"1024\" height=\"683\" srcset=\"https:\/\/kinderhaus.pfarrei-badkoetzting.de\/wordpress\/wp-content\/uploads\/2018\/03\/IMG_8198.jpg 1024w, https:\/\/kinderhaus.pfarrei-badkoetzting.de\/wordpress\/wp-content\/uploads\/2018\/03\/IMG_8198-300x200.jpg 300w, https:\/\/kinderhaus.pfarrei-badkoetzting.de\/wordpress\/wp-content\/uploads\/2018\/03\/IMG_8198-768x512.jpg 768w\" sizes=\"(max-width: 1024px) 100vw, 1024px\" \/><\/h2>","protected":false},"excerpt":{"rendered":"<p>Kneipp dich fit-Anwendung R\u00fcckeninfo Jeder dritte Erstkl\u00e4ssler hat bereits eine schlechte K\u00f6rperhaltung und ein F\u00fcnftel der Grundsch\u00fcler klagt \u00fcber R\u00fcckenschmerzen. Wie k\u00f6nnen wir unsere Kinder in einem r\u00fcckengesunden Alltag unterst\u00fctzen: Bewegung Entspannung Atmung Durchblutung Anregung des vegetativen Nervensystems Aromatherapie Bei Kindern im Vorschulalter kann eine Haltungsschw\u00e4che noch nicht eindeutig festgestellt werden. So ist das Becken &hellip; <a href=\"https:\/\/kinderhaus.pfarrei-badkoetzting.de\/?page_id=1089\" class=\"more-link\"><span class=\"screen-reader-text\">Bewegung<\/span> weiterlesen <span class=\"meta-nav\">&rarr;<\/span><\/a><\/p>\n","protected":false},"author":5,"featured_media":0,"parent":0,"menu_order":0,"comment_status":"closed","ping_status":"closed","template":"","meta":[],"_links":{"self":[{"href":"https:\/\/kinderhaus.pfarrei-badkoetzting.de\/index.php?rest_route=\/wp\/v2\/pages\/1089"}],"collection":[{"href":"https:\/\/kinderhaus.pfarrei-badkoetzting.de\/index.php?rest_route=\/wp\/v2\/pages"}],"about":[{"href":"https:\/\/kinderhaus.pfarrei-badkoetzting.de\/index.php?rest_route=\/wp\/v2\/types\/page"}],"author":[{"embeddable":true,"href":"https:\/\/kinderhaus.pfarrei-badkoetzting.de\/index.php?rest_route=\/wp\/v2\/users\/5"}],"replies":[{"embeddable":true,"href":"https:\/\/kinderhaus.pfarrei-badkoetzting.de\/index.php?rest_route=%2Fwp%2Fv2%2Fcomments&post=1089"}],"version-history":[{"count":10,"href":"https:\/\/kinderhaus.pfarrei-badkoetzting.de\/index.php?rest_route=\/wp\/v2\/pages\/1089\/revisions"}],"predecessor-version":[{"id":2560,"href":"https:\/\/kinderhaus.pfarrei-badkoetzting.de\/index.php?rest_route=\/wp\/v2\/pages\/1089\/revisions\/2560"}],"wp:attachment":[{"href":"https:\/\/kinderhaus.pfarrei-badkoetzting.de\/index.php?rest_route=%2Fwp%2Fv2%2Fmedia&parent=1089"}],"curies":[{"name":"wp","href":"https:\/\/api.w.org\/{rel}","templated":true}]}}