{"id":1075,"date":"2018-03-30T21:13:16","date_gmt":"2018-03-30T19:13:16","guid":{"rendered":"http:\/\/kinderhaus.pfarrei-badkoetzting.de\/?page_id=1075"},"modified":"2021-04-26T10:13:46","modified_gmt":"2021-04-26T08:13:46","slug":"ordnung","status":"publish","type":"page","link":"https:\/\/kinderhaus.pfarrei-badkoetzting.de\/?page_id=1075","title":{"rendered":"Ordnung"},"content":{"rendered":"\n<figure class=\"wp-block-image size-large\"><a href=\"https:\/\/kinderhaus.pfarrei-badkoetzting.de\/wordpress\/wp-content\/uploads\/2017\/11\/images.jpg-1.jpg\"><img decoding=\"async\" loading=\"lazy\" width=\"230\" height=\"219\" src=\"https:\/\/kinderhaus.pfarrei-badkoetzting.de\/wordpress\/wp-content\/uploads\/2017\/11\/images.jpg-1.jpg\" alt=\"\" class=\"wp-image-921\"\/><\/a><\/figure>\n\n\n\n<h3 class=\"wp-block-heading\">&nbsp;<\/h3>\n\n\n\n<h3 class=\"wp-block-heading\">Innere Ordnung<\/h3>\n\n\n\n<p>Kneipp erkannte schon bald, wie wichtig es f\u00fcr ein Kind ist, in einer harmonischen Atmosph\u00e4re aufzuwachsen. Daher kann die Kneipp\u00b4sche&nbsp; Ordnungstherapie im Bereich der Kindererziehung als &#8222;das Streben nach gr\u00f6\u00dftm\u00f6glicher Ausgeglichenheit und Harmonie f\u00fcr das Kind verstanden werden&#8220;.<\/p>\n\n\n\n<div class=\"wp-block-image\"><figure class=\"aligncenter\"><img decoding=\"async\" loading=\"lazy\" width=\"768\" height=\"1024\" src=\"https:\/\/kinderhaus.pfarrei-badkoetzting.de\/wordpress\/wp-content\/uploads\/2019\/05\/IMG-20180608-WA0003.jpg\" alt=\"\" class=\"wp-image-1611\" srcset=\"https:\/\/kinderhaus.pfarrei-badkoetzting.de\/wordpress\/wp-content\/uploads\/2019\/05\/IMG-20180608-WA0003.jpg 768w, https:\/\/kinderhaus.pfarrei-badkoetzting.de\/wordpress\/wp-content\/uploads\/2019\/05\/IMG-20180608-WA0003-225x300.jpg 225w\" sizes=\"(max-width: 768px) 100vw, 768px\" \/><\/figure><\/div>\n\n\n\n<div class=\"wp-block-image\"><figure class=\"aligncenter\"><img decoding=\"async\" loading=\"lazy\" width=\"1032\" height=\"774\" src=\"https:\/\/kinderhaus.pfarrei-badkoetzting.de\/wordpress\/wp-content\/uploads\/2018\/06\/IMG-20180126-WA0006.jpg\" alt=\"\" class=\"wp-image-1247\" srcset=\"https:\/\/kinderhaus.pfarrei-badkoetzting.de\/wordpress\/wp-content\/uploads\/2018\/06\/IMG-20180126-WA0006.jpg 1032w, https:\/\/kinderhaus.pfarrei-badkoetzting.de\/wordpress\/wp-content\/uploads\/2018\/06\/IMG-20180126-WA0006-300x225.jpg 300w, https:\/\/kinderhaus.pfarrei-badkoetzting.de\/wordpress\/wp-content\/uploads\/2018\/06\/IMG-20180126-WA0006-768x576.jpg 768w, https:\/\/kinderhaus.pfarrei-badkoetzting.de\/wordpress\/wp-content\/uploads\/2018\/06\/IMG-20180126-WA0006-1024x768.jpg 1024w\" sizes=\"(max-width: 1032px) 100vw, 1032px\" \/><\/figure><\/div>\n\n\n\n<div class=\"wp-block-image\"><figure class=\"aligncenter\"><img decoding=\"async\" loading=\"lazy\" width=\"1280\" height=\"960\" src=\"https:\/\/kinderhaus.pfarrei-badkoetzting.de\/wordpress\/wp-content\/uploads\/2018\/06\/IMG-20180126-WA0014.jpg\" alt=\"\" class=\"wp-image-1246\" srcset=\"https:\/\/kinderhaus.pfarrei-badkoetzting.de\/wordpress\/wp-content\/uploads\/2018\/06\/IMG-20180126-WA0014.jpg 1280w, https:\/\/kinderhaus.pfarrei-badkoetzting.de\/wordpress\/wp-content\/uploads\/2018\/06\/IMG-20180126-WA0014-300x225.jpg 300w, https:\/\/kinderhaus.pfarrei-badkoetzting.de\/wordpress\/wp-content\/uploads\/2018\/06\/IMG-20180126-WA0014-768x576.jpg 768w, https:\/\/kinderhaus.pfarrei-badkoetzting.de\/wordpress\/wp-content\/uploads\/2018\/06\/IMG-20180126-WA0014-1024x768.jpg 1024w\" sizes=\"(max-width: 1280px) 100vw, 1280px\" \/><\/figure><\/div>\n\n\n\n<div class=\"wp-block-image\"><figure class=\"aligncenter\"><img decoding=\"async\" loading=\"lazy\" width=\"1024\" height=\"683\" src=\"https:\/\/kinderhaus.pfarrei-badkoetzting.de\/wordpress\/wp-content\/uploads\/2019\/02\/IMG_9295.png\" alt=\"\" class=\"wp-image-1492\" srcset=\"https:\/\/kinderhaus.pfarrei-badkoetzting.de\/wordpress\/wp-content\/uploads\/2019\/02\/IMG_9295.png 1024w, https:\/\/kinderhaus.pfarrei-badkoetzting.de\/wordpress\/wp-content\/uploads\/2019\/02\/IMG_9295-300x200.png 300w, https:\/\/kinderhaus.pfarrei-badkoetzting.de\/wordpress\/wp-content\/uploads\/2019\/02\/IMG_9295-768x512.png 768w\" sizes=\"(max-width: 1024px) 100vw, 1024px\" \/><\/figure><\/div>\n","protected":false},"excerpt":{"rendered":"<p>&nbsp; Innere Ordnung Kneipp erkannte schon bald, wie wichtig es f\u00fcr ein Kind ist, in einer harmonischen Atmosph\u00e4re aufzuwachsen. Daher kann die Kneipp\u00b4sche&nbsp; Ordnungstherapie im Bereich der Kindererziehung als &#8222;das Streben nach gr\u00f6\u00dftm\u00f6glicher Ausgeglichenheit und Harmonie f\u00fcr das Kind verstanden werden&#8220;.<\/p>\n","protected":false},"author":5,"featured_media":0,"parent":0,"menu_order":0,"comment_status":"closed","ping_status":"closed","template":"","meta":[],"_links":{"self":[{"href":"https:\/\/kinderhaus.pfarrei-badkoetzting.de\/index.php?rest_route=\/wp\/v2\/pages\/1075"}],"collection":[{"href":"https:\/\/kinderhaus.pfarrei-badkoetzting.de\/index.php?rest_route=\/wp\/v2\/pages"}],"about":[{"href":"https:\/\/kinderhaus.pfarrei-badkoetzting.de\/index.php?rest_route=\/wp\/v2\/types\/page"}],"author":[{"embeddable":true,"href":"https:\/\/kinderhaus.pfarrei-badkoetzting.de\/index.php?rest_route=\/wp\/v2\/users\/5"}],"replies":[{"embeddable":true,"href":"https:\/\/kinderhaus.pfarrei-badkoetzting.de\/index.php?rest_route=%2Fwp%2Fv2%2Fcomments&post=1075"}],"version-history":[{"count":9,"href":"https:\/\/kinderhaus.pfarrei-badkoetzting.de\/index.php?rest_route=\/wp\/v2\/pages\/1075\/revisions"}],"predecessor-version":[{"id":2559,"href":"https:\/\/kinderhaus.pfarrei-badkoetzting.de\/index.php?rest_route=\/wp\/v2\/pages\/1075\/revisions\/2559"}],"wp:attachment":[{"href":"https:\/\/kinderhaus.pfarrei-badkoetzting.de\/index.php?rest_route=%2Fwp%2Fv2%2Fmedia&parent=1075"}],"curies":[{"name":"wp","href":"https:\/\/api.w.org\/{rel}","templated":true}]}}